{"id":71,"date":"2021-09-02T17:00:32","date_gmt":"2021-09-02T15:00:32","guid":{"rendered":"https:\/\/aventen.de\/?page_id=71"},"modified":"2023-09-10T17:21:25","modified_gmt":"2023-09-10T15:21:25","slug":"alles-ueber-leder","status":"publish","type":"page","link":"https:\/\/vascavi-b2b.com\/de\/alles-ueber-leder\/","title":{"rendered":"Alles \u00fcber Leder"},"content":{"rendered":"<figure class=\"wp-block-image size-large\"><a href=\"https:\/\/aventen.de\/wp-content\/uploads\/2021\/09\/Lederhaut_aventen_2.jpg\"><img decoding=\"async\" src=\"https:\/\/aventen.de\/wp-content\/uploads\/2021\/09\/Lederhaut_aventen_2-1024x410.jpg\" alt=\"\" class=\"wp-image-73\"\/><\/a><\/figure>\n\n\n\n<p>Um beim Kauf und der Auswahl von Leder nicht in die Irre gef\u00fchrt zu werden und sich \u00fcber die Herkunft des Materials im Klaren zu sein, bedarf es einer informativen Einf\u00fchrung in die Komplexit\u00e4t von Leder. Auf diese Weise k\u00f6nnen wir Ihnen als Kunden unsere Produkte n\u00e4herbringen und Sie hoffentlich in Zukunft vor Fehlk\u00e4ufen bewahren.<\/p>\n\n\n\n<p>Rindsleder<\/p>\n\n\n\n<p>Je nach Verwendungszweck werden relativ dicke Rindsleder in verschiedene Schichten gespalten. Man unterscheidet zwischen der oberen Hauptschicht, auch Faserschicht genannt, und der unteren Hauptschicht, auch Hautschicht oder Lederhaut genannt. Dabei ist die Anordnung der Kollagenfasern, Strukturproteine im Gewebe der Schichten, entscheidend und macht den Unterschied. Diese Fasern sind in der oberen Schicht besonders dicht, fast vertikal, ausgerichtet, w\u00e4hrend sie im unteren Teil horizontal \u00fcbereinander liegen. Wichtig zu wissen ist, dass das Leder umso stabiler ist, je vertikaler die Fasern ausgerichtet sind.<\/p>\n\n\n\n<figure class=\"wp-block-image size-large\"><a href=\"https:\/\/aventen.de\/wp-content\/uploads\/2021\/09\/Ledergewinnung_aventen.jpg\"><img loading=\"lazy\" decoding=\"async\" width=\"1024\" height=\"364\" src=\"https:\/\/aventen.de\/wp-content\/uploads\/2021\/09\/Ledergewinnung_aventen-1024x364.jpg\" alt=\"\" class=\"wp-image-74\" srcset=\"https:\/\/vascavi-b2b.com\/wp-content\/uploads\/2021\/09\/Ledergewinnung_aventen-1024x364.jpg 1024w, https:\/\/vascavi-b2b.com\/wp-content\/uploads\/2021\/09\/Ledergewinnung_aventen-1000x356.jpg 1000w, https:\/\/vascavi-b2b.com\/wp-content\/uploads\/2021\/09\/Ledergewinnung_aventen-300x107.jpg 300w, https:\/\/vascavi-b2b.com\/wp-content\/uploads\/2021\/09\/Ledergewinnung_aventen-768x273.jpg 768w, https:\/\/vascavi-b2b.com\/wp-content\/uploads\/2021\/09\/Ledergewinnung_aventen-1536x546.jpg 1536w, https:\/\/vascavi-b2b.com\/wp-content\/uploads\/2021\/09\/Ledergewinnung_aventen-2048x728.jpg 2048w, https:\/\/vascavi-b2b.com\/wp-content\/uploads\/2021\/09\/Ledergewinnung_aventen-600x213.jpg 600w\" sizes=\"auto, (max-width: 1024px) 100vw, 1024px\" \/><\/a><\/figure>\n\n\n\n<p>Vollnarbenleder<\/p>\n\n\n\n<p>Vollnarbenleder stammt aus der obersten Schicht der Haut und bleibt in seinem nat\u00fcrlichen Zustand v\u00f6llig unbehandelt. Nur so k\u00f6nnen die individuellen Merkmale wie Insektenstiche, Dehnungsstreifen oder Schnitte ohne k\u00fcnstliche Eingriffe erhalten bleiben und das Leder einzigartig authentisch erscheinen lassen. Zu viele dieser \u201eUnvollkommenheiten\u201c k\u00f6nnen jedoch schnell zu einer schlechteren Qualit\u00e4t f\u00fchren, weshalb sich f\u00fcr die Verwendung von Vollnarbenleder nur die besten H\u00e4ute eignen. Dar\u00fcber hinaus garantiert das Leder aufgrund seiner intakten Fasern h\u00f6chste Strapazierf\u00e4higkeit und Atmungsaktivit\u00e4t. Somit hat es seinen Ruf als Premiumleder in jeder Hinsicht zu Recht verdient und wird \u00fcberwiegend in unserer Produktion verwendet.<\/p>\n\n\n\n<p>Spaltleder<\/p>\n\n\n\n<p>Spaltleder, das aus der Lederhautschicht gewonnen wird, ist mit Abstand eine der h\u00e4ufigsten Lederarten und hat viele Formen und Namen. Da die Faserschicht fr\u00fcher von der Hautschicht abgespalten wurde, erh\u00e4lt das Leder auch seinen oben genannten bekanntesten Namen. Aufgrund der Formbarkeit des Leders kann es durch verschiedene Verarbeitungsmethoden unterschiedliche Oberfl\u00e4chenerscheinungen aufweisen. Je nach Verarbeitungsmethode spiegeln sich diese in anderen Bezeichnungen f\u00fcr das Leder wider, beispielsweise korrigiertes Spaltleder, Bycast-Leder, verarbeitetes Spaltleder oder PU-Leder.<\/p>","protected":false},"excerpt":{"rendered":"<p>To avoid being misled when shopping for and selecting leather and to become aware of the material&#8217;s sourcing, an informative introduction to the complexity of leather is needed. This way,&hellip;<\/p>","protected":false},"author":1,"featured_media":0,"parent":0,"menu_order":0,"comment_status":"closed","ping_status":"closed","template":"","meta":{"footnotes":""},"class_list":["post-71","page","type-page","status-publish","hentry"],"_links":{"self":[{"href":"https:\/\/vascavi-b2b.com\/de\/wp-json\/wp\/v2\/pages\/71","targetHints":{"allow":["GET"]}}],"collection":[{"href":"https:\/\/vascavi-b2b.com\/de\/wp-json\/wp\/v2\/pages"}],"about":[{"href":"https:\/\/vascavi-b2b.com\/de\/wp-json\/wp\/v2\/types\/page"}],"author":[{"embeddable":true,"href":"https:\/\/vascavi-b2b.com\/de\/wp-json\/wp\/v2\/users\/1"}],"replies":[{"embeddable":true,"href":"https:\/\/vascavi-b2b.com\/de\/wp-json\/wp\/v2\/comments?post=71"}],"version-history":[{"count":2,"href":"https:\/\/vascavi-b2b.com\/de\/wp-json\/wp\/v2\/pages\/71\/revisions"}],"predecessor-version":[{"id":51272,"href":"https:\/\/vascavi-b2b.com\/de\/wp-json\/wp\/v2\/pages\/71\/revisions\/51272"}],"wp:attachment":[{"href":"https:\/\/vascavi-b2b.com\/de\/wp-json\/wp\/v2\/media?parent=71"}],"curies":[{"name":"wp","href":"https:\/\/api.w.org\/{rel}","templated":true}]}}